{"id":11402,"date":"2024-06-04T17:46:39","date_gmt":"2024-06-04T15:46:39","guid":{"rendered":"https:\/\/lespetitspois.ch\/product\/pregnancy-box-first-moments\/"},"modified":"2025-12-06T13:41:00","modified_gmt":"2025-12-06T12:41:00","slug":"pregnancy-box-first-moments","status":"publish","type":"product","link":"https:\/\/lespetitspois.ch\/en\/product\/pregnancy-box-first-moments\/","title":{"rendered":"Pregnancy Box: First Moments"},"content":{"rendered":"<p id=\"pregnancy-box-first-moments\" class=\"mb-2 mt-4 font-display font-semimedium text-base first:mt-0 md:text-lg [hr+&amp;]:mt-4\">This pregnancy box is designed to support you in those initial moments of your journey into parenthood \u2013 unique times when only the two parents know about this new adventure. What magic! Life is growing inside you!\u200b<\/p>\n<h2 id=\"emotional-and-physical-support\" class=\"mb-2 mt-4 font-display font-semimedium text-base first:mt-0 md:text-lg [hr+&amp;]:mt-4\">Emotional and Physical Support<\/h2>\n<p class=\"my-2 [&amp;+p]:mt-4 [&amp;_strong:has(+br)]:inline-block [&amp;_strong:has(+br)]:pb-2\">The first weeks can be intense with emotions and sensations. You want to cherish these pregnancy discovery moments forever, while managing body changes, nausea, and fatigue \u2013 especially since the news isn&#8217;t shared yet. This &#8220;First Moments&#8221; pregnancy box is there to nurture you through this period.\u200b<\/p>\n<h2 id=\"size-m-contents\" class=\"mb-2 mt-4 font-display font-semimedium text-base first:mt-0 md:text-lg [hr+&amp;]:mt-4\">Size M Contents<\/h2>\n<ul class=\"marker:text-quiet list-disc\">\n<li class=\"py-0 my-0 prose-p:pt-0 prose-p:mb-2 prose-p:my-0 [&amp;&gt;p]:pt-0 [&amp;&gt;p]:mb-2 [&amp;&gt;p]:my-0\" style=\"box-sizing: border-box; border-width: 0px; border-style: solid; --tw-border-spacing-x: 0; --tw-border-spacing-y: 0; --tw-translate-x: 0; --tw-translate-y: 0; --tw-rotate: 0; --tw-skew-x: 0; --tw-skew-y: 0; --tw-scale-x: 1; --tw-scale-y: 1; --tw-scroll-snap-strictness: proximity; --tw-ring-offset-width: 0px; --tw-ring-offset-color: #fff; --tw-ring-color: rgb(59 130 246 \/ 0.5); --tw-ring-offset-shadow: 0 0 #0000; --tw-ring-shadow: 0 0 #0000; --tw-shadow: 0 0 #0000; --tw-shadow-colored: 0 0 #0000; margin-top: 0px; margin-bottom: 0px; padding-inline-start: 0.375em; padding-top: 0px; padding-bottom: 0px;\">\n<p class=\"my-2 [&amp;+p]:mt-4 [&amp;_strong:has(+br)]:inline-block [&amp;_strong:has(+br)]:pb-2\">First trimester herbal tea \u2013 50g<\/p>\n<\/li>\n<li class=\"py-0 my-0 prose-p:pt-0 prose-p:mb-2 prose-p:my-0 [&amp;&gt;p]:pt-0 [&amp;&gt;p]:mb-2 [&amp;&gt;p]:my-0\" style=\"box-sizing: border-box; border-width: 0px; border-style: solid; --tw-border-spacing-x: 0; --tw-border-spacing-y: 0; --tw-translate-x: 0; --tw-translate-y: 0; --tw-rotate: 0; --tw-skew-x: 0; --tw-skew-y: 0; --tw-scale-x: 1; --tw-scale-y: 1; --tw-scroll-snap-strictness: proximity; --tw-ring-offset-width: 0px; --tw-ring-offset-color: #fff; --tw-ring-color: rgb(59 130 246 \/ 0.5); --tw-ring-offset-shadow: 0 0 #0000; --tw-ring-shadow: 0 0 #0000; --tw-shadow: 0 0 #0000; --tw-shadow-colored: 0 0 #0000; margin-top: 0px; margin-bottom: 0px; padding-inline-start: 0.375em; padding-top: 0px; padding-bottom: 0px;\">\n<p class=\"my-2 [&amp;+p]:mt-4 [&amp;_strong:has(+br)]:inline-block [&amp;_strong:has(+br)]:pb-2\">1 set of milestone cards: &#8220;Baby lives in my belly&#8221; (20 cards)<\/p>\n<\/li>\n<li class=\"py-0 my-0 prose-p:pt-0 prose-p:mb-2 prose-p:my-0 [&amp;&gt;p]:pt-0 [&amp;&gt;p]:mb-2 [&amp;&gt;p]:my-0\" style=\"box-sizing: border-box; border-width: 0px; border-style: solid; --tw-border-spacing-x: 0; --tw-border-spacing-y: 0; --tw-translate-x: 0; --tw-translate-y: 0; --tw-rotate: 0; --tw-skew-x: 0; --tw-skew-y: 0; --tw-scale-x: 1; --tw-scale-y: 1; --tw-scroll-snap-strictness: proximity; --tw-ring-offset-width: 0px; --tw-ring-offset-color: #fff; --tw-ring-color: rgb(59 130 246 \/ 0.5); --tw-ring-offset-shadow: 0 0 #0000; --tw-ring-shadow: 0 0 #0000; --tw-shadow: 0 0 #0000; --tw-shadow-colored: 0 0 #0000; margin-top: 0px; margin-bottom: 0px; padding-inline-start: 0.375em; padding-top: 0px; padding-bottom: 0px;\">\n<p class=\"my-2 [&amp;+p]:mt-4 [&amp;_strong:has(+br)]:inline-block [&amp;_strong:has(+br)]:pb-2\">1 sensitive oil to support your body during this time of change \u2013 30ml\u200b<\/p>\n<\/li>\n<\/ul>\n<p class=\"my-2 [&amp;+p]:mt-4 [&amp;_strong:has(+br)]:inline-block [&amp;_strong:has(+br)]:pb-2\">Add the stomach comfort tea if nausea is intense. The box is also available in Size L with the 30ml auric spray.\u200b<\/p>\n<h2 id=\"capturing-precious-milestones\" class=\"mb-2 mt-4 font-display font-semimedium text-base first:mt-0 md:text-lg [hr+&amp;]:mt-4\">Capturing Precious Milestones<\/h2>\n<p class=\"my-2 [&amp;+p]:mt-4 [&amp;_strong:has(+br)]:inline-block [&amp;_strong:has(+br)]:pb-2\">This first moments set enhances those unique times when only future parents know the big news of baby&#8217;s arrival. With the milestone cards, immortalize special occasions like the first check-up ultrasound or the day you learn baby&#8217;s sex (or keep the surprise!). Just grab your phone, the right card, and snap a photo of your rounding belly.\u200b<\/p>\n","protected":false},"excerpt":{"rendered":"<p>The box that accompanies you during the first moments of the wonderful maternity adventure.<\/p>\n","protected":false},"featured_media":10149,"comment_status":"closed","ping_status":"closed","template":"","meta":{"_exactmetrics_skip_tracking":false,"_exactmetrics_sitenote_active":false,"_exactmetrics_sitenote_note":"","_exactmetrics_sitenote_category":0},"product_brand":[],"product_cat":[59],"product_tag":[],"class_list":{"0":"post-11402","1":"product","2":"type-product","3":"status-publish","4":"has-post-thumbnail","6":"product_cat-for-moms","7":"product_shipping_class-8chf-en","9":"first","10":"instock","11":"shipping-taxable","12":"purchasable","13":"product-type-variable"},"yoast_head":"<!-- This site is optimized with the Yoast SEO plugin v26.8 - https:\/\/yoast.com\/product\/yoast-seo-wordpress\/ -->\n<title>Pregnancy Box: First Moments - Petits Pois<\/title>\n<meta name=\"robots\" content=\"index, follow, max-snippet:-1, max-image-preview:large, max-video-preview:-1\" \/>\n<link rel=\"canonical\" href=\"https:\/\/lespetitspois.ch\/en\/product\/pregnancy-box-first-moments\/\" \/>\n<meta property=\"og:locale\" content=\"en_US\" \/>\n<meta property=\"og:type\" content=\"article\" \/>\n<meta property=\"og:title\" content=\"Pregnancy Box: First Moments - Petits Pois\" \/>\n<meta property=\"og:description\" content=\"The box that accompanies you during the first moments of the wonderful maternity adventure.\" \/>\n<meta property=\"og:url\" content=\"https:\/\/lespetitspois.ch\/en\/product\/pregnancy-box-first-moments\/\" \/>\n<meta property=\"og:site_name\" content=\"Petits Pois\" \/>\n<meta property=\"article:publisher\" content=\"https:\/\/www.facebook.com\/lespetitspoisch\/\" \/>\n<meta property=\"article:modified_time\" content=\"2025-12-06T12:41:00+00:00\" \/>\n<meta property=\"og:image\" content=\"https:\/\/lespetitspois.ch\/wp-content\/uploads\/2024\/06\/Boitegrossessepremiersinstants-par-les-petits-pois.jpeg?_t=1765024861\" \/>\n\t<meta property=\"og:image:width\" content=\"1536\" \/>\n\t<meta property=\"og:image:height\" content=\"2048\" \/>\n\t<meta property=\"og:image:type\" content=\"image\/jpeg\" \/>\n<meta name=\"twitter:card\" content=\"summary_large_image\" \/>\n<meta name=\"twitter:label1\" content=\"Est. reading time\" \/>\n\t<meta name=\"twitter:data1\" content=\"1 minute\" \/>\n<script type=\"application\/ld+json\" class=\"yoast-schema-graph\">{\"@context\":\"https:\/\/schema.org\",\"@graph\":[{\"@type\":\"WebPage\",\"@id\":\"https:\/\/lespetitspois.ch\/en\/product\/pregnancy-box-first-moments\/\",\"url\":\"https:\/\/lespetitspois.ch\/en\/product\/pregnancy-box-first-moments\/\",\"name\":\"Pregnancy Box: First Moments - Petits Pois\",\"isPartOf\":{\"@id\":\"https:\/\/lespetitspois.ch\/#website\"},\"primaryImageOfPage\":{\"@id\":\"https:\/\/lespetitspois.ch\/en\/product\/pregnancy-box-first-moments\/#primaryimage\"},\"image\":{\"@id\":\"https:\/\/lespetitspois.ch\/en\/product\/pregnancy-box-first-moments\/#primaryimage\"},\"thumbnailUrl\":\"https:\/\/lespetitspois.ch\/wp-content\/uploads\/2024\/06\/Boitegrossessepremiersinstants-par-les-petits-pois.jpeg\",\"datePublished\":\"2024-06-04T15:46:39+00:00\",\"dateModified\":\"2025-12-06T12:41:00+00:00\",\"breadcrumb\":{\"@id\":\"https:\/\/lespetitspois.ch\/en\/product\/pregnancy-box-first-moments\/#breadcrumb\"},\"inLanguage\":\"en-US\",\"potentialAction\":[{\"@type\":\"ReadAction\",\"target\":[\"https:\/\/lespetitspois.ch\/en\/product\/pregnancy-box-first-moments\/\"]}]},{\"@type\":\"ImageObject\",\"inLanguage\":\"en-US\",\"@id\":\"https:\/\/lespetitspois.ch\/en\/product\/pregnancy-box-first-moments\/#primaryimage\",\"url\":\"https:\/\/lespetitspois.ch\/wp-content\/uploads\/2024\/06\/Boitegrossessepremiersinstants-par-les-petits-pois.jpeg\",\"contentUrl\":\"https:\/\/lespetitspois.ch\/wp-content\/uploads\/2024\/06\/Boitegrossessepremiersinstants-par-les-petits-pois.jpeg\",\"width\":1536,\"height\":2048,\"caption\":\"Une boite pour vous accompagner pendant les premi\u00e8res semaines de votre grossesse. Les produits choisit avec attention sont l\u00e0 pour vous pendant les naus\u00e9es et les moments remplis d'\u00e9motions de l'aventure de la maternit\u00e9\"},{\"@type\":\"BreadcrumbList\",\"@id\":\"https:\/\/lespetitspois.ch\/en\/product\/pregnancy-box-first-moments\/#breadcrumb\",\"itemListElement\":[{\"@type\":\"ListItem\",\"position\":1,\"name\":\"Home\",\"item\":\"https:\/\/lespetitspois.ch\/en\/\"},{\"@type\":\"ListItem\",\"position\":2,\"name\":\"Shop\",\"item\":\"https:\/\/lespetitspois.ch\/en\/shop\/\"},{\"@type\":\"ListItem\",\"position\":3,\"name\":\"Pregnancy Box: First Moments\"}]},{\"@type\":\"WebSite\",\"@id\":\"https:\/\/lespetitspois.ch\/#website\",\"url\":\"https:\/\/lespetitspois.ch\/\",\"name\":\"Petits Pois\",\"description\":\"Petits Pois\",\"publisher\":{\"@id\":\"https:\/\/lespetitspois.ch\/#organization\"},\"potentialAction\":[{\"@type\":\"SearchAction\",\"target\":{\"@type\":\"EntryPoint\",\"urlTemplate\":\"https:\/\/lespetitspois.ch\/?s={search_term_string}\"},\"query-input\":{\"@type\":\"PropertyValueSpecification\",\"valueRequired\":true,\"valueName\":\"search_term_string\"}}],\"inLanguage\":\"en-US\"},{\"@type\":\"Organization\",\"@id\":\"https:\/\/lespetitspois.ch\/#organization\",\"name\":\"Les Petits Pois\",\"url\":\"https:\/\/lespetitspois.ch\/\",\"logo\":{\"@type\":\"ImageObject\",\"inLanguage\":\"en-US\",\"@id\":\"https:\/\/lespetitspois.ch\/#\/schema\/logo\/image\/\",\"url\":\"https:\/\/lespetitspois.ch\/wp-content\/uploads\/2018\/08\/logo.png\",\"contentUrl\":\"https:\/\/lespetitspois.ch\/wp-content\/uploads\/2018\/08\/logo.png\",\"width\":349,\"height\":188,\"caption\":\"Les Petits Pois\"},\"image\":{\"@id\":\"https:\/\/lespetitspois.ch\/#\/schema\/logo\/image\/\"},\"sameAs\":[\"https:\/\/www.facebook.com\/lespetitspoisch\/\",\"https:\/\/www.instagram.com\/lespetitspois_babyplanning\/\"]}]}<\/script>\n<!-- \/ Yoast SEO plugin. -->","yoast_head_json":{"title":"Pregnancy Box: First Moments - Petits Pois","robots":{"index":"index","follow":"follow","max-snippet":"max-snippet:-1","max-image-preview":"max-image-preview:large","max-video-preview":"max-video-preview:-1"},"canonical":"https:\/\/lespetitspois.ch\/en\/product\/pregnancy-box-first-moments\/","og_locale":"en_US","og_type":"article","og_title":"Pregnancy Box: First Moments - Petits Pois","og_description":"The box that accompanies you during the first moments of the wonderful maternity adventure.","og_url":"https:\/\/lespetitspois.ch\/en\/product\/pregnancy-box-first-moments\/","og_site_name":"Petits Pois","article_publisher":"https:\/\/www.facebook.com\/lespetitspoisch\/","article_modified_time":"2025-12-06T12:41:00+00:00","og_image":[{"width":1536,"height":2048,"url":"https:\/\/lespetitspois.ch\/wp-content\/uploads\/2024\/06\/Boitegrossessepremiersinstants-par-les-petits-pois.jpeg?_t=1765024861","type":"image\/jpeg"}],"twitter_card":"summary_large_image","twitter_misc":{"Est. reading time":"1 minute"},"schema":{"@context":"https:\/\/schema.org","@graph":[{"@type":"WebPage","@id":"https:\/\/lespetitspois.ch\/en\/product\/pregnancy-box-first-moments\/","url":"https:\/\/lespetitspois.ch\/en\/product\/pregnancy-box-first-moments\/","name":"Pregnancy Box: First Moments - Petits Pois","isPartOf":{"@id":"https:\/\/lespetitspois.ch\/#website"},"primaryImageOfPage":{"@id":"https:\/\/lespetitspois.ch\/en\/product\/pregnancy-box-first-moments\/#primaryimage"},"image":{"@id":"https:\/\/lespetitspois.ch\/en\/product\/pregnancy-box-first-moments\/#primaryimage"},"thumbnailUrl":"https:\/\/lespetitspois.ch\/wp-content\/uploads\/2024\/06\/Boitegrossessepremiersinstants-par-les-petits-pois.jpeg","datePublished":"2024-06-04T15:46:39+00:00","dateModified":"2025-12-06T12:41:00+00:00","breadcrumb":{"@id":"https:\/\/lespetitspois.ch\/en\/product\/pregnancy-box-first-moments\/#breadcrumb"},"inLanguage":"en-US","potentialAction":[{"@type":"ReadAction","target":["https:\/\/lespetitspois.ch\/en\/product\/pregnancy-box-first-moments\/"]}]},{"@type":"ImageObject","inLanguage":"en-US","@id":"https:\/\/lespetitspois.ch\/en\/product\/pregnancy-box-first-moments\/#primaryimage","url":"https:\/\/lespetitspois.ch\/wp-content\/uploads\/2024\/06\/Boitegrossessepremiersinstants-par-les-petits-pois.jpeg","contentUrl":"https:\/\/lespetitspois.ch\/wp-content\/uploads\/2024\/06\/Boitegrossessepremiersinstants-par-les-petits-pois.jpeg","width":1536,"height":2048,"caption":"Une boite pour vous accompagner pendant les premi\u00e8res semaines de votre grossesse. Les produits choisit avec attention sont l\u00e0 pour vous pendant les naus\u00e9es et les moments remplis d'\u00e9motions de l'aventure de la maternit\u00e9"},{"@type":"BreadcrumbList","@id":"https:\/\/lespetitspois.ch\/en\/product\/pregnancy-box-first-moments\/#breadcrumb","itemListElement":[{"@type":"ListItem","position":1,"name":"Home","item":"https:\/\/lespetitspois.ch\/en\/"},{"@type":"ListItem","position":2,"name":"Shop","item":"https:\/\/lespetitspois.ch\/en\/shop\/"},{"@type":"ListItem","position":3,"name":"Pregnancy Box: First Moments"}]},{"@type":"WebSite","@id":"https:\/\/lespetitspois.ch\/#website","url":"https:\/\/lespetitspois.ch\/","name":"Petits Pois","description":"Petits Pois","publisher":{"@id":"https:\/\/lespetitspois.ch\/#organization"},"potentialAction":[{"@type":"SearchAction","target":{"@type":"EntryPoint","urlTemplate":"https:\/\/lespetitspois.ch\/?s={search_term_string}"},"query-input":{"@type":"PropertyValueSpecification","valueRequired":true,"valueName":"search_term_string"}}],"inLanguage":"en-US"},{"@type":"Organization","@id":"https:\/\/lespetitspois.ch\/#organization","name":"Les Petits Pois","url":"https:\/\/lespetitspois.ch\/","logo":{"@type":"ImageObject","inLanguage":"en-US","@id":"https:\/\/lespetitspois.ch\/#\/schema\/logo\/image\/","url":"https:\/\/lespetitspois.ch\/wp-content\/uploads\/2018\/08\/logo.png","contentUrl":"https:\/\/lespetitspois.ch\/wp-content\/uploads\/2018\/08\/logo.png","width":349,"height":188,"caption":"Les Petits Pois"},"image":{"@id":"https:\/\/lespetitspois.ch\/#\/schema\/logo\/image\/"},"sameAs":["https:\/\/www.facebook.com\/lespetitspoisch\/","https:\/\/www.instagram.com\/lespetitspois_babyplanning\/"]}]}},"_links":{"self":[{"href":"https:\/\/lespetitspois.ch\/en\/wp-json\/wp\/v2\/product\/11402","targetHints":{"allow":["GET"]}}],"collection":[{"href":"https:\/\/lespetitspois.ch\/en\/wp-json\/wp\/v2\/product"}],"about":[{"href":"https:\/\/lespetitspois.ch\/en\/wp-json\/wp\/v2\/types\/product"}],"replies":[{"embeddable":true,"href":"https:\/\/lespetitspois.ch\/en\/wp-json\/wp\/v2\/comments?post=11402"}],"wp:featuredmedia":[{"embeddable":true,"href":"https:\/\/lespetitspois.ch\/en\/wp-json\/wp\/v2\/media\/10149"}],"wp:attachment":[{"href":"https:\/\/lespetitspois.ch\/en\/wp-json\/wp\/v2\/media?parent=11402"}],"wp:term":[{"taxonomy":"product_brand","embeddable":true,"href":"https:\/\/lespetitspois.ch\/en\/wp-json\/wp\/v2\/product_brand?post=11402"},{"taxonomy":"product_cat","embeddable":true,"href":"https:\/\/lespetitspois.ch\/en\/wp-json\/wp\/v2\/product_cat?post=11402"},{"taxonomy":"product_tag","embeddable":true,"href":"https:\/\/lespetitspois.ch\/en\/wp-json\/wp\/v2\/product_tag?post=11402"}],"curies":[{"name":"wp","href":"https:\/\/api.w.org\/{rel}","templated":true}]}}