{"id":11437,"date":"2024-06-01T17:47:27","date_gmt":"2024-06-01T15:47:27","guid":{"rendered":"https:\/\/lespetitspois.ch\/product\/color-memory-game\/"},"modified":"2024-06-01T17:47:27","modified_gmt":"2024-06-01T15:47:27","slug":"color-memory-game","status":"publish","type":"product","link":"https:\/\/lespetitspois.ch\/en\/product\/color-memory-game\/","title":{"rendered":"Color Memory Game"},"content":{"rendered":"<p class=\"my-2 [&amp;+p]:mt-4 [&amp;_strong:has(+br)]:inline-block [&amp;_strong:has(+br)]:pb-2\">A delightful memory game handmade in Switzerland to spark joy and learning from age 3 to 99.\u200b<\/p>\n<h2 id=\"gentle-discovery-of-colors\" class=\"mb-2 mt-4 font-display font-semimedium text-base first:mt-0 md:text-lg [hr+&amp;]:mt-4\">Gentle discovery of colors<\/h2>\n<p class=\"my-2 [&amp;+p]:mt-4 [&amp;_strong:has(+br)]:inline-block [&amp;_strong:has(+br)]:pb-2\">This lovely educational game invites little ones to explore vibrant colors through playful matching, nurturing memory and observation with soft, engaging cards.\u200b<\/p>\n<h2 id=\"perfect-gift-for-young-hearts\" class=\"mb-2 mt-4 font-display font-semimedium text-base first:mt-0 md:text-lg [hr+&amp;]:mt-4\">Perfect gift for young hearts<\/h2>\n<p class=\"my-2 [&amp;+p]:mt-4 [&amp;_strong:has(+br)]:inline-block [&amp;_strong:has(+br)]:pb-2\">Ideal as a birthday surprise or thoughtful present, it brings families together in moments of shared discovery and delight.\u200b<\/p>\n<p class=\"my-2 [&amp;+p]:mt-4 [&amp;_strong:has(+br)]:inline-block [&amp;_strong:has(+br)]:pb-2\">\nCrafted with care for endless rounds of gentle fun and skill-building.<\/p>\n<p>This game comes in a soft fabric pouch. It features 12 colors, with 24 Swiss wooden pieces in total. It can be introduced to children from 12 months old.<\/p>\n","protected":false},"excerpt":{"rendered":"<p>Educational game<\/p>\n","protected":false},"featured_media":10129,"comment_status":"closed","ping_status":"closed","template":"","meta":{"_exactmetrics_skip_tracking":false,"_exactmetrics_sitenote_active":false,"_exactmetrics_sitenote_note":"","_exactmetrics_sitenote_category":0},"product_brand":[],"product_cat":[58],"product_tag":[199],"class_list":{"0":"post-11437","1":"product","2":"type-product","3":"status-publish","4":"has-post-thumbnail","6":"product_cat-for-babies","7":"product_tag-educationalgame","8":"product_shipping_class-8chf-en","10":"first","11":"instock","12":"shipping-taxable","13":"purchasable","14":"product-type-simple"},"yoast_head":"<!-- This site is optimized with the Yoast SEO plugin v26.8 - https:\/\/yoast.com\/product\/yoast-seo-wordpress\/ -->\n<title>Color Memory Game - Petits Pois<\/title>\n<meta name=\"description\" content=\"A discovery game to gift for a child&#039;s birthday. Swiss-made memory game. For the joy of ages 3 to 99.\" \/>\n<meta name=\"robots\" content=\"index, follow, max-snippet:-1, max-image-preview:large, max-video-preview:-1\" \/>\n<link rel=\"canonical\" href=\"https:\/\/lespetitspois.ch\/product\/memory-des-couleurs\/\" \/>\n<meta property=\"og:locale\" content=\"en_US\" \/>\n<meta property=\"og:type\" content=\"article\" \/>\n<meta property=\"og:title\" content=\"Color Memory Game - Petits Pois\" \/>\n<meta property=\"og:description\" content=\"A discovery game to gift for a child&#039;s birthday. Swiss-made memory game. For the joy of ages 3 to 99.\" \/>\n<meta property=\"og:url\" content=\"https:\/\/lespetitspois.ch\/product\/memory-des-couleurs\/\" \/>\n<meta property=\"og:site_name\" content=\"Petits Pois\" \/>\n<meta property=\"article:publisher\" content=\"https:\/\/www.facebook.com\/lespetitspoisch\/\" \/>\n<meta property=\"og:image\" content=\"https:\/\/lespetitspois.ch\/wp-content\/uploads\/2024\/06\/Memory-des-couleurs-par-les-petits-pois.jpeg?_t=1765190448\" \/>\n\t<meta property=\"og:image:width\" content=\"225\" \/>\n\t<meta property=\"og:image:height\" content=\"300\" \/>\n\t<meta property=\"og:image:type\" content=\"image\/jpeg\" \/>\n<meta name=\"twitter:card\" content=\"summary_large_image\" \/>\n<meta name=\"twitter:label1\" content=\"Est. reading time\" \/>\n\t<meta name=\"twitter:data1\" content=\"1 minute\" \/>\n<script type=\"application\/ld+json\" class=\"yoast-schema-graph\">{\"@context\":\"https:\/\/schema.org\",\"@graph\":[{\"@type\":\"WebPage\",\"@id\":\"https:\/\/lespetitspois.ch\/product\/memory-des-couleurs\/\",\"url\":\"https:\/\/lespetitspois.ch\/product\/memory-des-couleurs\/\",\"name\":\"Color Memory Game - Petits Pois\",\"isPartOf\":{\"@id\":\"https:\/\/lespetitspois.ch\/#website\"},\"primaryImageOfPage\":{\"@id\":\"https:\/\/lespetitspois.ch\/product\/memory-des-couleurs\/#primaryimage\"},\"image\":{\"@id\":\"https:\/\/lespetitspois.ch\/product\/memory-des-couleurs\/#primaryimage\"},\"thumbnailUrl\":\"https:\/\/lespetitspois.ch\/wp-content\/uploads\/2024\/06\/Memory-des-couleurs-par-les-petits-pois.jpeg\",\"datePublished\":\"2024-06-01T15:47:27+00:00\",\"description\":\"A discovery game to gift for a child's birthday. Swiss-made memory game. For the joy of ages 3 to 99.\",\"breadcrumb\":{\"@id\":\"https:\/\/lespetitspois.ch\/product\/memory-des-couleurs\/#breadcrumb\"},\"inLanguage\":\"en-US\",\"potentialAction\":[{\"@type\":\"ReadAction\",\"target\":[\"https:\/\/lespetitspois.ch\/product\/memory-des-couleurs\/\"]}]},{\"@type\":\"ImageObject\",\"inLanguage\":\"en-US\",\"@id\":\"https:\/\/lespetitspois.ch\/product\/memory-des-couleurs\/#primaryimage\",\"url\":\"https:\/\/lespetitspois.ch\/wp-content\/uploads\/2024\/06\/Memory-des-couleurs-par-les-petits-pois.jpeg\",\"contentUrl\":\"https:\/\/lespetitspois.ch\/wp-content\/uploads\/2024\/06\/Memory-des-couleurs-par-les-petits-pois.jpeg\",\"width\":225,\"height\":300,\"caption\":\"Un jeu d'\u00e9veil pour les b\u00e9b\u00e9s et les jeunes enfants. Ce jeu qui soutient le d\u00e9veloppement est fabriqu\u00e9 en Suisse\"},{\"@type\":\"BreadcrumbList\",\"@id\":\"https:\/\/lespetitspois.ch\/product\/memory-des-couleurs\/#breadcrumb\",\"itemListElement\":[{\"@type\":\"ListItem\",\"position\":1,\"name\":\"Home\",\"item\":\"https:\/\/lespetitspois.ch\/en\/\"},{\"@type\":\"ListItem\",\"position\":2,\"name\":\"Shop\",\"item\":\"https:\/\/lespetitspois.ch\/en\/shop\/\"},{\"@type\":\"ListItem\",\"position\":3,\"name\":\"Color Memory Game\"}]},{\"@type\":\"WebSite\",\"@id\":\"https:\/\/lespetitspois.ch\/#website\",\"url\":\"https:\/\/lespetitspois.ch\/\",\"name\":\"Petits Pois\",\"description\":\"Petits Pois\",\"publisher\":{\"@id\":\"https:\/\/lespetitspois.ch\/#organization\"},\"potentialAction\":[{\"@type\":\"SearchAction\",\"target\":{\"@type\":\"EntryPoint\",\"urlTemplate\":\"https:\/\/lespetitspois.ch\/?s={search_term_string}\"},\"query-input\":{\"@type\":\"PropertyValueSpecification\",\"valueRequired\":true,\"valueName\":\"search_term_string\"}}],\"inLanguage\":\"en-US\"},{\"@type\":\"Organization\",\"@id\":\"https:\/\/lespetitspois.ch\/#organization\",\"name\":\"Les Petits Pois\",\"url\":\"https:\/\/lespetitspois.ch\/\",\"logo\":{\"@type\":\"ImageObject\",\"inLanguage\":\"en-US\",\"@id\":\"https:\/\/lespetitspois.ch\/#\/schema\/logo\/image\/\",\"url\":\"https:\/\/lespetitspois.ch\/wp-content\/uploads\/2018\/08\/logo.png\",\"contentUrl\":\"https:\/\/lespetitspois.ch\/wp-content\/uploads\/2018\/08\/logo.png\",\"width\":349,\"height\":188,\"caption\":\"Les Petits Pois\"},\"image\":{\"@id\":\"https:\/\/lespetitspois.ch\/#\/schema\/logo\/image\/\"},\"sameAs\":[\"https:\/\/www.facebook.com\/lespetitspoisch\/\",\"https:\/\/www.instagram.com\/lespetitspois_babyplanning\/\"]}]}<\/script>\n<!-- \/ Yoast SEO plugin. -->","yoast_head_json":{"title":"Color Memory Game - Petits Pois","description":"A discovery game to gift for a child's birthday. Swiss-made memory game. For the joy of ages 3 to 99.","robots":{"index":"index","follow":"follow","max-snippet":"max-snippet:-1","max-image-preview":"max-image-preview:large","max-video-preview":"max-video-preview:-1"},"canonical":"https:\/\/lespetitspois.ch\/product\/memory-des-couleurs\/","og_locale":"en_US","og_type":"article","og_title":"Color Memory Game - Petits Pois","og_description":"A discovery game to gift for a child's birthday. Swiss-made memory game. For the joy of ages 3 to 99.","og_url":"https:\/\/lespetitspois.ch\/product\/memory-des-couleurs\/","og_site_name":"Petits Pois","article_publisher":"https:\/\/www.facebook.com\/lespetitspoisch\/","og_image":[{"width":225,"height":300,"url":"https:\/\/lespetitspois.ch\/wp-content\/uploads\/2024\/06\/Memory-des-couleurs-par-les-petits-pois.jpeg?_t=1765190448","type":"image\/jpeg"}],"twitter_card":"summary_large_image","twitter_misc":{"Est. reading time":"1 minute"},"schema":{"@context":"https:\/\/schema.org","@graph":[{"@type":"WebPage","@id":"https:\/\/lespetitspois.ch\/product\/memory-des-couleurs\/","url":"https:\/\/lespetitspois.ch\/product\/memory-des-couleurs\/","name":"Color Memory Game - Petits Pois","isPartOf":{"@id":"https:\/\/lespetitspois.ch\/#website"},"primaryImageOfPage":{"@id":"https:\/\/lespetitspois.ch\/product\/memory-des-couleurs\/#primaryimage"},"image":{"@id":"https:\/\/lespetitspois.ch\/product\/memory-des-couleurs\/#primaryimage"},"thumbnailUrl":"https:\/\/lespetitspois.ch\/wp-content\/uploads\/2024\/06\/Memory-des-couleurs-par-les-petits-pois.jpeg","datePublished":"2024-06-01T15:47:27+00:00","description":"A discovery game to gift for a child's birthday. Swiss-made memory game. For the joy of ages 3 to 99.","breadcrumb":{"@id":"https:\/\/lespetitspois.ch\/product\/memory-des-couleurs\/#breadcrumb"},"inLanguage":"en-US","potentialAction":[{"@type":"ReadAction","target":["https:\/\/lespetitspois.ch\/product\/memory-des-couleurs\/"]}]},{"@type":"ImageObject","inLanguage":"en-US","@id":"https:\/\/lespetitspois.ch\/product\/memory-des-couleurs\/#primaryimage","url":"https:\/\/lespetitspois.ch\/wp-content\/uploads\/2024\/06\/Memory-des-couleurs-par-les-petits-pois.jpeg","contentUrl":"https:\/\/lespetitspois.ch\/wp-content\/uploads\/2024\/06\/Memory-des-couleurs-par-les-petits-pois.jpeg","width":225,"height":300,"caption":"Un jeu d'\u00e9veil pour les b\u00e9b\u00e9s et les jeunes enfants. Ce jeu qui soutient le d\u00e9veloppement est fabriqu\u00e9 en Suisse"},{"@type":"BreadcrumbList","@id":"https:\/\/lespetitspois.ch\/product\/memory-des-couleurs\/#breadcrumb","itemListElement":[{"@type":"ListItem","position":1,"name":"Home","item":"https:\/\/lespetitspois.ch\/en\/"},{"@type":"ListItem","position":2,"name":"Shop","item":"https:\/\/lespetitspois.ch\/en\/shop\/"},{"@type":"ListItem","position":3,"name":"Color Memory Game"}]},{"@type":"WebSite","@id":"https:\/\/lespetitspois.ch\/#website","url":"https:\/\/lespetitspois.ch\/","name":"Petits Pois","description":"Petits Pois","publisher":{"@id":"https:\/\/lespetitspois.ch\/#organization"},"potentialAction":[{"@type":"SearchAction","target":{"@type":"EntryPoint","urlTemplate":"https:\/\/lespetitspois.ch\/?s={search_term_string}"},"query-input":{"@type":"PropertyValueSpecification","valueRequired":true,"valueName":"search_term_string"}}],"inLanguage":"en-US"},{"@type":"Organization","@id":"https:\/\/lespetitspois.ch\/#organization","name":"Les Petits Pois","url":"https:\/\/lespetitspois.ch\/","logo":{"@type":"ImageObject","inLanguage":"en-US","@id":"https:\/\/lespetitspois.ch\/#\/schema\/logo\/image\/","url":"https:\/\/lespetitspois.ch\/wp-content\/uploads\/2018\/08\/logo.png","contentUrl":"https:\/\/lespetitspois.ch\/wp-content\/uploads\/2018\/08\/logo.png","width":349,"height":188,"caption":"Les Petits Pois"},"image":{"@id":"https:\/\/lespetitspois.ch\/#\/schema\/logo\/image\/"},"sameAs":["https:\/\/www.facebook.com\/lespetitspoisch\/","https:\/\/www.instagram.com\/lespetitspois_babyplanning\/"]}]}},"_links":{"self":[{"href":"https:\/\/lespetitspois.ch\/en\/wp-json\/wp\/v2\/product\/11437","targetHints":{"allow":["GET"]}}],"collection":[{"href":"https:\/\/lespetitspois.ch\/en\/wp-json\/wp\/v2\/product"}],"about":[{"href":"https:\/\/lespetitspois.ch\/en\/wp-json\/wp\/v2\/types\/product"}],"replies":[{"embeddable":true,"href":"https:\/\/lespetitspois.ch\/en\/wp-json\/wp\/v2\/comments?post=11437"}],"wp:featuredmedia":[{"embeddable":true,"href":"https:\/\/lespetitspois.ch\/en\/wp-json\/wp\/v2\/media\/10129"}],"wp:attachment":[{"href":"https:\/\/lespetitspois.ch\/en\/wp-json\/wp\/v2\/media?parent=11437"}],"wp:term":[{"taxonomy":"product_brand","embeddable":true,"href":"https:\/\/lespetitspois.ch\/en\/wp-json\/wp\/v2\/product_brand?post=11437"},{"taxonomy":"product_cat","embeddable":true,"href":"https:\/\/lespetitspois.ch\/en\/wp-json\/wp\/v2\/product_cat?post=11437"},{"taxonomy":"product_tag","embeddable":true,"href":"https:\/\/lespetitspois.ch\/en\/wp-json\/wp\/v2\/product_tag?post=11437"}],"curies":[{"name":"wp","href":"https:\/\/api.w.org\/{rel}","templated":true}]}}