{"id":11438,"date":"2024-05-24T13:54:51","date_gmt":"2024-05-24T11:54:51","guid":{"rendered":"https:\/\/lespetitspois.ch\/product\/pregnancy-box\/"},"modified":"2024-05-24T13:54:51","modified_gmt":"2024-05-24T11:54:51","slug":"pregnancy-box","status":"publish","type":"product","link":"https:\/\/lespetitspois.ch\/en\/product\/pregnancy-box\/","title":{"rendered":"Pregnancy Box"},"content":{"rendered":"<h2 id=\"discover-our-lovingly-crafted-pregnancy-boxes\" class=\"mb-2 mt-4 font-display font-semimedium text-base first:mt-0 md:text-lg [hr+&amp;]:mt-4\">Discover Our Lovingly Crafted Pregnancy Boxes<\/h2>\n<p class=\"my-2 [&amp;+p]:mt-4 [&amp;_strong:has(+br)]:inline-block [&amp;_strong:has(+br)]:pb-2\">These pregnancy boxes bring gentle support and comfort, whether you&#8217;re in the early days, nearing birth, or gifting a special treat to an expectant mother.\u200b\u200b<br \/>\nMotherhood transforms the body in incredible ways, sometimes bringing fatigue, nausea, constipation, or discomforts \u2013 our thoughtfully composed boxes ease these with natural care at every stage.\u200b<\/p>\n<h2 id=\"whats-inside-each-box\" class=\"mb-2 mt-4 font-display font-semimedium text-base first:mt-0 md:text-lg [hr+&amp;]:mt-4\">What&#8217;s Inside Each Box<\/h2>\n<p class=\"my-2 [&amp;+p]:mt-4 [&amp;_strong:has(+br)]:inline-block [&amp;_strong:has(+br)]:pb-2\">Every box holds:<\/p>\n<ol class=\"marker:text-quiet list-decimal\">\n<li class=\"py-0 my-0 prose-p:pt-0 prose-p:mb-2 prose-p:my-0 [&amp;&gt;p]:pt-0 [&amp;&gt;p]:mb-2 [&amp;&gt;p]:my-0\" style=\"box-sizing: border-box; border-width: 0px; border-style: solid; --tw-border-spacing-x: 0; --tw-border-spacing-y: 0; --tw-translate-x: 0; --tw-translate-y: 0; --tw-rotate: 0; --tw-skew-x: 0; --tw-skew-y: 0; --tw-scale-x: 1; --tw-scale-y: 1; --tw-scroll-snap-strictness: proximity; --tw-ring-offset-width: 0px; --tw-ring-offset-color: #fff; --tw-ring-color: rgb(59 130 246 \/ 0.5); --tw-ring-offset-shadow: 0 0 #0000; --tw-ring-shadow: 0 0 #0000; --tw-shadow: 0 0 #0000; --tw-shadow-colored: 0 0 #0000; margin-top: 0px; margin-bottom: 0px; padding-inline-start: 0.375em; padding-top: 0px; padding-bottom: 0px;\">\n<p class=\"my-2 [&amp;+p]:mt-4 [&amp;_strong:has(+br)]:inline-block [&amp;_strong:has(+br)]:pb-2\"><strong>An organic herbal tea<\/strong>\u00a0to accompany you through the months, with plants selected to meet your body&#8217;s needs.\u200b<\/p>\n<ul class=\"marker:text-quiet list-disc\">\n<li class=\"py-0 my-0 prose-p:pt-0 prose-p:mb-2 prose-p:my-0 [&amp;&gt;p]:pt-0 [&amp;&gt;p]:mb-2 [&amp;&gt;p]:my-0\" style=\"box-sizing: border-box; border-width: 0px; border-style: solid; --tw-border-spacing-x: 0; --tw-border-spacing-y: 0; --tw-translate-x: 0; --tw-translate-y: 0; --tw-rotate: 0; --tw-skew-x: 0; --tw-skew-y: 0; --tw-scale-x: 1; --tw-scale-y: 1; --tw-scroll-snap-strictness: proximity; --tw-ring-offset-width: 0px; --tw-ring-offset-color: #fff; --tw-ring-color: rgb(59 130 246 \/ 0.5); --tw-ring-offset-shadow: 0 0 #0000; --tw-ring-shadow: 0 0 #0000; --tw-shadow: 0 0 #0000; --tw-shadow-colored: 0 0 #0000; margin-top: 0px; margin-bottom: 0px; padding-inline-start: 0.375em; padding-top: 0px; padding-bottom: 0px;\">\n<p class=\"my-2 [&amp;+p]:mt-4 [&amp;_strong:has(+br)]:inline-block [&amp;_strong:has(+br)]:pb-2\"><a class=\"reset interactable cursor-pointer decoration-1 underline-offset-1 text-super hover:underline font-semibold\" href=\"https:\/\/lespetitspois.ch\/en\/product\/first-trimester-herbal-tea\/\" target=\"_blank\" rel=\"nofollow noopener\"><span class=\"text-box-trim-both\">First trimester tea<\/span><\/a>\u00a0supports digestion and brings calm (50g).\u200b<\/p>\n<\/li>\n<li class=\"py-0 my-0 prose-p:pt-0 prose-p:mb-2 prose-p:my-0 [&amp;&gt;p]:pt-0 [&amp;&gt;p]:mb-2 [&amp;&gt;p]:my-0\" style=\"box-sizing: border-box; border-width: 0px; border-style: solid; --tw-border-spacing-x: 0; --tw-border-spacing-y: 0; --tw-translate-x: 0; --tw-translate-y: 0; --tw-rotate: 0; --tw-skew-x: 0; --tw-skew-y: 0; --tw-scale-x: 1; --tw-scale-y: 1; --tw-scroll-snap-strictness: proximity; --tw-ring-offset-width: 0px; --tw-ring-offset-color: #fff; --tw-ring-color: rgb(59 130 246 \/ 0.5); --tw-ring-offset-shadow: 0 0 #0000; --tw-ring-shadow: 0 0 #0000; --tw-shadow: 0 0 #0000; --tw-shadow-colored: 0 0 #0000; margin-top: 0px; margin-bottom: 0px; padding-inline-start: 0.375em; padding-top: 0px; padding-bottom: 0px;\">\n<p class=\"my-2 [&amp;+p]:mt-4 [&amp;_strong:has(+br)]:inline-block [&amp;_strong:has(+br)]:pb-2\">Future Mama Day Tea<\/p>\n<\/li>\n<li class=\"py-0 my-0 prose-p:pt-0 prose-p:mb-2 prose-p:my-0 [&amp;&gt;p]:pt-0 [&amp;&gt;p]:mb-2 [&amp;&gt;p]:my-0\" style=\"box-sizing: border-box; border-width: 0px; border-style: solid; --tw-border-spacing-x: 0; --tw-border-spacing-y: 0; --tw-translate-x: 0; --tw-translate-y: 0; --tw-rotate: 0; --tw-skew-x: 0; --tw-skew-y: 0; --tw-scale-x: 1; --tw-scale-y: 1; --tw-scroll-snap-strictness: proximity; --tw-ring-offset-width: 0px; --tw-ring-offset-color: #fff; --tw-ring-color: rgb(59 130 246 \/ 0.5); --tw-ring-offset-shadow: 0 0 #0000; --tw-ring-shadow: 0 0 #0000; --tw-shadow: 0 0 #0000; --tw-shadow-colored: 0 0 #0000; margin-top: 0px; margin-bottom: 0px; padding-inline-start: 0.375em; padding-top: 0px; padding-bottom: 0px;\">\n<p class=\"my-2 [&amp;+p]:mt-4 [&amp;_strong:has(+br)]:inline-block [&amp;_strong:has(+br)]:pb-2\">Future Mama Night Tea<\/p>\n<\/li>\n<li class=\"py-0 my-0 prose-p:pt-0 prose-p:mb-2 prose-p:my-0 [&amp;&gt;p]:pt-0 [&amp;&gt;p]:mb-2 [&amp;&gt;p]:my-0\" style=\"box-sizing: border-box; border-width: 0px; border-style: solid; --tw-border-spacing-x: 0; --tw-border-spacing-y: 0; --tw-translate-x: 0; --tw-translate-y: 0; --tw-rotate: 0; --tw-skew-x: 0; --tw-skew-y: 0; --tw-scale-x: 1; --tw-scale-y: 1; --tw-scroll-snap-strictness: proximity; --tw-ring-offset-width: 0px; --tw-ring-offset-color: #fff; --tw-ring-color: rgb(59 130 246 \/ 0.5); --tw-ring-offset-shadow: 0 0 #0000; --tw-ring-shadow: 0 0 #0000; --tw-shadow: 0 0 #0000; --tw-shadow-colored: 0 0 #0000; margin-top: 0px; margin-bottom: 0px; padding-inline-start: 0.375em; padding-top: 0px; padding-bottom: 0px;\">\n<p class=\"my-2 [&amp;+p]:mt-4 [&amp;_strong:has(+br)]:inline-block [&amp;_strong:has(+br)]:pb-2\"><a class=\"reset interactable cursor-pointer decoration-1 underline-offset-1 text-super hover:underline font-semibold\" href=\"https:\/\/lespetitspois.ch\/en\/product\/birth-preparation-herbal-tea\/\" target=\"_blank\" rel=\"nofollow noopener\"><span class=\"text-box-trim-both\">Birth Preparation Tea<\/span><\/a><\/p>\n<\/li>\n<\/ul>\n<\/li>\n<li class=\"py-0 my-0 prose-p:pt-0 prose-p:mb-2 prose-p:my-0 [&amp;&gt;p]:pt-0 [&amp;&gt;p]:mb-2 [&amp;&gt;p]:my-0\" style=\"box-sizing: border-box; border-width: 0px; border-style: solid; --tw-border-spacing-x: 0; --tw-border-spacing-y: 0; --tw-translate-x: 0; --tw-translate-y: 0; --tw-rotate: 0; --tw-skew-x: 0; --tw-skew-y: 0; --tw-scale-x: 1; --tw-scale-y: 1; --tw-scroll-snap-strictness: proximity; --tw-ring-offset-width: 0px; --tw-ring-offset-color: #fff; --tw-ring-color: rgb(59 130 246 \/ 0.5); --tw-ring-offset-shadow: 0 0 #0000; --tw-ring-shadow: 0 0 #0000; --tw-shadow: 0 0 #0000; --tw-shadow-colored: 0 0 #0000; margin-top: 0px; margin-bottom: 0px; padding-inline-start: 0.375em; padding-top: 0px; padding-bottom: 0px;\">\n<p class=\"my-2 [&amp;+p]:mt-4 [&amp;_strong:has(+br)]:inline-block [&amp;_strong:has(+br)]:pb-2\"><strong>Mama Essentials supplements<\/strong>\u00a0specially designed for pregnancy by Swiss brand Pioupiou, offering complete nourishment throughout.\u200b<\/p>\n<\/li>\n<\/ol>\n<h2 id=\"and-for-what-comes-next\" class=\"mb-2 mt-4 font-display font-semimedium text-base first:mt-0 md:text-lg [hr+&amp;]:mt-4\">And what comes next?<\/h2>\n<p class=\"my-2 [&amp;+p]:mt-4 [&amp;_strong:has(+br)]:inline-block [&amp;_strong:has(+br)]:pb-2\">We also offer postpartum boxes to nurture you after birth \u2013 not the end, but a beautiful ritual in your motherhood journey. Learn more\u00a0<a class=\"reset interactable cursor-pointer decoration-1 underline-offset-1 text-super hover:underline font-semibold\" href=\"https:\/\/lespetitspois.ch\/product\/boite-postpartum-reconforte\/\" target=\"_blank\" rel=\"nofollow noopener\"><span class=\"text-box-trim-both\">here<\/span><\/a>.\u200b\u200b<\/p>\n<h2 id=\"your-pregnancy-week-by-week\" class=\"mb-2 mt-4 font-display font-semimedium text-base first:mt-0 md:text-lg [hr+&amp;]:mt-4\">Your Pregnancy, Week by Week<\/h2>\n<p class=\"my-2 [&amp;+p]:mt-4 [&amp;_strong:has(+br)]:inline-block [&amp;_strong:has(+br)]:pb-2\">From the start, cherish your health and baby&#8217;s \u2013 early weeks may bring morning sickness, vomiting, and fatigue as your uterus grows, placenta forms, and amniotic fluid protects.\u200b<\/p>\n<h2 class=\"mb-2 mt-4 font-display font-semimedium text-base first:mt-0\">Pregnancy Follow-Up<\/h2>\n<p class=\"my-2 [&amp;+p]:mt-4 [&amp;_strong:has(+br)]:inline-block [&amp;_strong:has(+br)]:pb-2\">Regular visits with your gynecologist or midwife, plus ultrasounds, track development, spot issues, and reveal baby&#8217;s sex \u2013 or keep the surprise!\u200b<\/p>\n<h2 class=\"mb-2 mt-4 font-display font-semimedium text-base first:mt-0\">Maternal Well-Being<\/h2>\n<p class=\"my-2 [&amp;+p]:mt-4 [&amp;_strong:has(+br)]:inline-block [&amp;_strong:has(+br)]:pb-2\">Nurture yourself over nine months with balanced eating, hydration, and gentle exercise. Prenatal check-ups monitor constipation, spotting, or lower belly aches for smooth progress.\u200b<\/p>\n<h2 class=\"mb-2 mt-4 font-display font-semimedium text-base first:mt-0\">Birth Preparation<\/h2>\n<p class=\"my-2 [&amp;+p]:mt-4 [&amp;_strong:has(+br)]:inline-block [&amp;_strong:has(+br)]:pb-2\">As due date is coming up, pack your hospital bag, discuss options like epidurals or C-sections, and join birth prep classes for calm confidence.<\/p>\n<p class=\"my-2 [&amp;+p]:mt-4 [&amp;_strong:has(+br)]:inline-block [&amp;_strong:has(+br)]:pb-2\">Coaching sessions address fears \u2013 how can dad support? Will my body manage? Let&#8217;s explore together.\u200b<\/p>\n<h2 class=\"mb-2 mt-4 font-display font-semimedium text-base first:mt-0\">After Birth<\/h2>\n<p class=\"my-2 [&amp;+p]:mt-4 [&amp;_strong:has(+br)]:inline-block [&amp;_strong:has(+br)]:pb-2\">Postpartum needs equal care: our boxes support recovery and newborn bonding, with breastfeeding tips and health follow-up for a soft transition.\u200b<br \/>\nPostpartum doula services include couple prep, massages from hospital return, home meal delivery, baby massage classes, body embrace care, and mama-papa duo massages. Discover more\u00a0<a class=\"reset interactable cursor-pointer decoration-1 underline-offset-1 text-super hover:underline font-semibold\" href=\"https:\/\/lespetitspois.ch\/en\/our-services\/the-postpartum-doula\/\" target=\"_blank\" rel=\"nofollow noopener\"><span class=\"text-box-trim-both\">here<\/span><\/a>.\u200b<\/p>\n<p class=\"my-2 [&amp;+p]:mt-4 [&amp;_strong:has(+br)]:inline-block [&amp;_strong:has(+br)]:pb-2\">Order our pregnancy boxes to tenderly support your body on this journey \u2013 we&#8217;re here for you and baby, week by week, month by mont.<\/p>\n","protected":false},"excerpt":{"rendered":"<p>A pregnancy box delivered to your home. Subscription option available for the 3 boxes.<\/p>\n","protected":false},"featured_media":11375,"comment_status":"closed","ping_status":"closed","template":"","meta":{"_exactmetrics_skip_tracking":false,"_exactmetrics_sitenote_active":false,"_exactmetrics_sitenote_note":"","_exactmetrics_sitenote_category":0},"product_brand":[],"product_cat":[59],"product_tag":[],"class_list":{"0":"post-11438","1":"product","2":"type-product","3":"status-publish","4":"has-post-thumbnail","6":"product_cat-for-moms","7":"product_shipping_class-7chf","9":"first","10":"instock","11":"shipping-taxable","12":"purchasable","13":"product-type-variable"},"yoast_head":"<!-- This site is optimized with the Yoast SEO plugin v26.8 - https:\/\/yoast.com\/product\/yoast-seo-wordpress\/ -->\n<title>Pregnancy Box - Petits Pois<\/title>\n<meta name=\"description\" content=\"Discover the pregnancy box that accompanies you through each trimester. Tailored herbal teas and Swiss nutritional supplements.\" \/>\n<meta name=\"robots\" content=\"index, follow, max-snippet:-1, max-image-preview:large, max-video-preview:-1\" \/>\n<link rel=\"canonical\" href=\"https:\/\/lespetitspois.ch\/product\/boite-grossesse\/\" \/>\n<meta property=\"og:locale\" content=\"en_US\" \/>\n<meta property=\"og:type\" content=\"article\" \/>\n<meta property=\"og:title\" content=\"Pregnancy Box - Petits Pois\" \/>\n<meta property=\"og:description\" content=\"Discover the pregnancy box that accompanies you through each trimester. Tailored herbal teas and Swiss nutritional supplements.\" \/>\n<meta property=\"og:url\" content=\"https:\/\/lespetitspois.ch\/product\/boite-grossesse\/\" \/>\n<meta property=\"og:site_name\" content=\"Petits Pois\" \/>\n<meta property=\"article:publisher\" content=\"https:\/\/www.facebook.com\/lespetitspoisch\/\" \/>\n<meta property=\"og:image\" content=\"https:\/\/lespetitspois.ch\/wp-content\/uploads\/2024\/05\/Boite-Grossesse-par-les-Petits-Pois.png?_t=1765192126\" \/>\n\t<meta property=\"og:image:width\" content=\"1080\" \/>\n\t<meta property=\"og:image:height\" content=\"1080\" \/>\n\t<meta property=\"og:image:type\" content=\"image\/png\" \/>\n<meta name=\"twitter:card\" content=\"summary_large_image\" \/>\n<meta name=\"twitter:label1\" content=\"Est. reading time\" \/>\n\t<meta name=\"twitter:data1\" content=\"2 minutes\" \/>\n<script type=\"application\/ld+json\" class=\"yoast-schema-graph\">{\"@context\":\"https:\/\/schema.org\",\"@graph\":[{\"@type\":\"WebPage\",\"@id\":\"https:\/\/lespetitspois.ch\/product\/boite-grossesse\/\",\"url\":\"https:\/\/lespetitspois.ch\/product\/boite-grossesse\/\",\"name\":\"Pregnancy Box - Petits Pois\",\"isPartOf\":{\"@id\":\"https:\/\/lespetitspois.ch\/#website\"},\"primaryImageOfPage\":{\"@id\":\"https:\/\/lespetitspois.ch\/product\/boite-grossesse\/#primaryimage\"},\"image\":{\"@id\":\"https:\/\/lespetitspois.ch\/product\/boite-grossesse\/#primaryimage\"},\"thumbnailUrl\":\"https:\/\/lespetitspois.ch\/wp-content\/uploads\/2024\/05\/Boite-Grossesse-par-les-Petits-Pois.png\",\"datePublished\":\"2024-05-24T11:54:51+00:00\",\"description\":\"Discover the pregnancy box that accompanies you through each trimester. Tailored herbal teas and Swiss nutritional supplements.\",\"breadcrumb\":{\"@id\":\"https:\/\/lespetitspois.ch\/product\/boite-grossesse\/#breadcrumb\"},\"inLanguage\":\"en-US\",\"potentialAction\":[{\"@type\":\"ReadAction\",\"target\":[\"https:\/\/lespetitspois.ch\/product\/boite-grossesse\/\"]}]},{\"@type\":\"ImageObject\",\"inLanguage\":\"en-US\",\"@id\":\"https:\/\/lespetitspois.ch\/product\/boite-grossesse\/#primaryimage\",\"url\":\"https:\/\/lespetitspois.ch\/wp-content\/uploads\/2024\/05\/Boite-Grossesse-par-les-Petits-Pois.png\",\"contentUrl\":\"https:\/\/lespetitspois.ch\/wp-content\/uploads\/2024\/05\/Boite-Grossesse-par-les-Petits-Pois.png\",\"width\":1080,\"height\":1080,\"caption\":\"Bo\u00eete grossesse Les Petits Pois \u2013 un coffret bien-\u00eatre adapt\u00e9 \u00e0 chaque trimestre de la grossesse, pour prendre soin de vous et de votre b\u00e9b\u00e9 en douceur\"},{\"@type\":\"BreadcrumbList\",\"@id\":\"https:\/\/lespetitspois.ch\/product\/boite-grossesse\/#breadcrumb\",\"itemListElement\":[{\"@type\":\"ListItem\",\"position\":1,\"name\":\"Home\",\"item\":\"https:\/\/lespetitspois.ch\/en\/\"},{\"@type\":\"ListItem\",\"position\":2,\"name\":\"Shop\",\"item\":\"https:\/\/lespetitspois.ch\/en\/shop\/\"},{\"@type\":\"ListItem\",\"position\":3,\"name\":\"Pregnancy Box\"}]},{\"@type\":\"WebSite\",\"@id\":\"https:\/\/lespetitspois.ch\/#website\",\"url\":\"https:\/\/lespetitspois.ch\/\",\"name\":\"Petits Pois\",\"description\":\"Petits Pois\",\"publisher\":{\"@id\":\"https:\/\/lespetitspois.ch\/#organization\"},\"potentialAction\":[{\"@type\":\"SearchAction\",\"target\":{\"@type\":\"EntryPoint\",\"urlTemplate\":\"https:\/\/lespetitspois.ch\/?s={search_term_string}\"},\"query-input\":{\"@type\":\"PropertyValueSpecification\",\"valueRequired\":true,\"valueName\":\"search_term_string\"}}],\"inLanguage\":\"en-US\"},{\"@type\":\"Organization\",\"@id\":\"https:\/\/lespetitspois.ch\/#organization\",\"name\":\"Les Petits Pois\",\"url\":\"https:\/\/lespetitspois.ch\/\",\"logo\":{\"@type\":\"ImageObject\",\"inLanguage\":\"en-US\",\"@id\":\"https:\/\/lespetitspois.ch\/#\/schema\/logo\/image\/\",\"url\":\"https:\/\/lespetitspois.ch\/wp-content\/uploads\/2018\/08\/logo.png\",\"contentUrl\":\"https:\/\/lespetitspois.ch\/wp-content\/uploads\/2018\/08\/logo.png\",\"width\":349,\"height\":188,\"caption\":\"Les Petits Pois\"},\"image\":{\"@id\":\"https:\/\/lespetitspois.ch\/#\/schema\/logo\/image\/\"},\"sameAs\":[\"https:\/\/www.facebook.com\/lespetitspoisch\/\",\"https:\/\/www.instagram.com\/lespetitspois_babyplanning\/\"]}]}<\/script>\n<!-- \/ Yoast SEO plugin. -->","yoast_head_json":{"title":"Pregnancy Box - Petits Pois","description":"Discover the pregnancy box that accompanies you through each trimester. Tailored herbal teas and Swiss nutritional supplements.","robots":{"index":"index","follow":"follow","max-snippet":"max-snippet:-1","max-image-preview":"max-image-preview:large","max-video-preview":"max-video-preview:-1"},"canonical":"https:\/\/lespetitspois.ch\/product\/boite-grossesse\/","og_locale":"en_US","og_type":"article","og_title":"Pregnancy Box - Petits Pois","og_description":"Discover the pregnancy box that accompanies you through each trimester. Tailored herbal teas and Swiss nutritional supplements.","og_url":"https:\/\/lespetitspois.ch\/product\/boite-grossesse\/","og_site_name":"Petits Pois","article_publisher":"https:\/\/www.facebook.com\/lespetitspoisch\/","og_image":[{"width":1080,"height":1080,"url":"https:\/\/lespetitspois.ch\/wp-content\/uploads\/2024\/05\/Boite-Grossesse-par-les-Petits-Pois.png?_t=1765192126","type":"image\/png"}],"twitter_card":"summary_large_image","twitter_misc":{"Est. reading time":"2 minutes"},"schema":{"@context":"https:\/\/schema.org","@graph":[{"@type":"WebPage","@id":"https:\/\/lespetitspois.ch\/product\/boite-grossesse\/","url":"https:\/\/lespetitspois.ch\/product\/boite-grossesse\/","name":"Pregnancy Box - Petits Pois","isPartOf":{"@id":"https:\/\/lespetitspois.ch\/#website"},"primaryImageOfPage":{"@id":"https:\/\/lespetitspois.ch\/product\/boite-grossesse\/#primaryimage"},"image":{"@id":"https:\/\/lespetitspois.ch\/product\/boite-grossesse\/#primaryimage"},"thumbnailUrl":"https:\/\/lespetitspois.ch\/wp-content\/uploads\/2024\/05\/Boite-Grossesse-par-les-Petits-Pois.png","datePublished":"2024-05-24T11:54:51+00:00","description":"Discover the pregnancy box that accompanies you through each trimester. Tailored herbal teas and Swiss nutritional supplements.","breadcrumb":{"@id":"https:\/\/lespetitspois.ch\/product\/boite-grossesse\/#breadcrumb"},"inLanguage":"en-US","potentialAction":[{"@type":"ReadAction","target":["https:\/\/lespetitspois.ch\/product\/boite-grossesse\/"]}]},{"@type":"ImageObject","inLanguage":"en-US","@id":"https:\/\/lespetitspois.ch\/product\/boite-grossesse\/#primaryimage","url":"https:\/\/lespetitspois.ch\/wp-content\/uploads\/2024\/05\/Boite-Grossesse-par-les-Petits-Pois.png","contentUrl":"https:\/\/lespetitspois.ch\/wp-content\/uploads\/2024\/05\/Boite-Grossesse-par-les-Petits-Pois.png","width":1080,"height":1080,"caption":"Bo\u00eete grossesse Les Petits Pois \u2013 un coffret bien-\u00eatre adapt\u00e9 \u00e0 chaque trimestre de la grossesse, pour prendre soin de vous et de votre b\u00e9b\u00e9 en douceur"},{"@type":"BreadcrumbList","@id":"https:\/\/lespetitspois.ch\/product\/boite-grossesse\/#breadcrumb","itemListElement":[{"@type":"ListItem","position":1,"name":"Home","item":"https:\/\/lespetitspois.ch\/en\/"},{"@type":"ListItem","position":2,"name":"Shop","item":"https:\/\/lespetitspois.ch\/en\/shop\/"},{"@type":"ListItem","position":3,"name":"Pregnancy Box"}]},{"@type":"WebSite","@id":"https:\/\/lespetitspois.ch\/#website","url":"https:\/\/lespetitspois.ch\/","name":"Petits Pois","description":"Petits Pois","publisher":{"@id":"https:\/\/lespetitspois.ch\/#organization"},"potentialAction":[{"@type":"SearchAction","target":{"@type":"EntryPoint","urlTemplate":"https:\/\/lespetitspois.ch\/?s={search_term_string}"},"query-input":{"@type":"PropertyValueSpecification","valueRequired":true,"valueName":"search_term_string"}}],"inLanguage":"en-US"},{"@type":"Organization","@id":"https:\/\/lespetitspois.ch\/#organization","name":"Les Petits Pois","url":"https:\/\/lespetitspois.ch\/","logo":{"@type":"ImageObject","inLanguage":"en-US","@id":"https:\/\/lespetitspois.ch\/#\/schema\/logo\/image\/","url":"https:\/\/lespetitspois.ch\/wp-content\/uploads\/2018\/08\/logo.png","contentUrl":"https:\/\/lespetitspois.ch\/wp-content\/uploads\/2018\/08\/logo.png","width":349,"height":188,"caption":"Les Petits Pois"},"image":{"@id":"https:\/\/lespetitspois.ch\/#\/schema\/logo\/image\/"},"sameAs":["https:\/\/www.facebook.com\/lespetitspoisch\/","https:\/\/www.instagram.com\/lespetitspois_babyplanning\/"]}]}},"_links":{"self":[{"href":"https:\/\/lespetitspois.ch\/en\/wp-json\/wp\/v2\/product\/11438","targetHints":{"allow":["GET"]}}],"collection":[{"href":"https:\/\/lespetitspois.ch\/en\/wp-json\/wp\/v2\/product"}],"about":[{"href":"https:\/\/lespetitspois.ch\/en\/wp-json\/wp\/v2\/types\/product"}],"replies":[{"embeddable":true,"href":"https:\/\/lespetitspois.ch\/en\/wp-json\/wp\/v2\/comments?post=11438"}],"wp:featuredmedia":[{"embeddable":true,"href":"https:\/\/lespetitspois.ch\/en\/wp-json\/wp\/v2\/media\/11375"}],"wp:attachment":[{"href":"https:\/\/lespetitspois.ch\/en\/wp-json\/wp\/v2\/media?parent=11438"}],"wp:term":[{"taxonomy":"product_brand","embeddable":true,"href":"https:\/\/lespetitspois.ch\/en\/wp-json\/wp\/v2\/product_brand?post=11438"},{"taxonomy":"product_cat","embeddable":true,"href":"https:\/\/lespetitspois.ch\/en\/wp-json\/wp\/v2\/product_cat?post=11438"},{"taxonomy":"product_tag","embeddable":true,"href":"https:\/\/lespetitspois.ch\/en\/wp-json\/wp\/v2\/product_tag?post=11438"}],"curies":[{"name":"wp","href":"https:\/\/api.w.org\/{rel}","templated":true}]}}